{"id":5442,"date":"2019-06-13T07:24:06","date_gmt":"2019-06-13T07:24:06","guid":{"rendered":"https:\/\/themesgavias.com\/wp\/indutri\/?page_id=5442"},"modified":"2021-11-04T14:13:09","modified_gmt":"2021-11-04T19:13:09","slug":"company-overview","status":"publish","type":"page","link":"https:\/\/talleresjg.com\/?page_id=5442","title":{"rendered":"Empresa"},"content":{"rendered":"\t\t<div data-elementor-type=\"wp-page\" data-elementor-id=\"5442\" class=\"elementor elementor-5442\" data-elementor-settings=\"[]\">\n\t\t\t\t\t\t\t<div class=\"elementor-section-wrap\">\n\t\t\t\t\t\t\t<section class=\"elementor-section elementor-top-section elementor-element elementor-element-f128c41 elementor-section-boxed elementor-section-height-default elementor-section-height-default\" data-id=\"f128c41\" data-element_type=\"section\">\n\t\t\t\t\t\t<div class=\"elementor-container elementor-column-gap-default\">\n\t\t\t\t\t<div class=\"elementor-column elementor-col-100 elementor-top-column elementor-element elementor-element-da40339 top column-style-top\" data-id=\"da40339\" data-element_type=\"column\">\n\t\t\t<div class=\"elementor-widget-wrap elementor-element-populated\">\n\t\t\t\t\t\t\t\t<div class=\"elementor-element elementor-element-f41a7c5 elementor-widget elementor-widget-gva-heading-block\" data-id=\"f41a7c5\" data-element_type=\"widget\" data-widget_type=\"gva-heading-block.default\">\n\t\t\t\t<div class=\"elementor-widget-container\">\n\t\t\t<div class=\"gva-element-gva-heading-block gva-element\">   <div class=\"align-left style-1 widget gsc-heading box-align-left\">\r\n      <div class=\"content-inner\">\r\n         \r\n                  \r\n           \r\n         \r\n                     <h2 class=\"title\">\r\n               <span>Talleres Jaramillo Guzm\u00e1n<br>Sirviendo a todo el Ecuador<\/span>\r\n            <\/h2>\r\n                              <div class=\"title-desc\">Deseamos de la mejor manera formar parte de su equipo de trabajo, y tener su aceptaci\u00f3n en el momento que ustedes requieran de nuestros productos y servicios. Env\u00edos dentro de la Provincia de El Oro como a nivel Nacional.<\/div>\r\n         \r\n         \r\n      <\/div>\r\n   <\/div>\r\n   <div class=\"clearfix\"><\/div>\r\n<\/div>\t\t<\/div>\n\t\t\t\t<\/div>\n\t\t\t\t<section class=\"elementor-section elementor-inner-section elementor-element elementor-element-85deebf elementor-section-boxed elementor-section-height-default elementor-section-height-default\" data-id=\"85deebf\" data-element_type=\"section\">\n\t\t\t\t\t\t<div class=\"elementor-container elementor-column-gap-default\">\n\t\t\t\t\t<div class=\"elementor-column elementor-col-50 elementor-inner-column elementor-element elementor-element-c18a819 top column-style-top\" data-id=\"c18a819\" data-element_type=\"column\">\n\t\t\t<div class=\"elementor-widget-wrap elementor-element-populated\">\n\t\t\t\t\t\t\t\t<div class=\"elementor-element elementor-element-732e elementor-widget elementor-widget-gva-icon-box-styles\" data-id=\"732e\" data-element_type=\"widget\" data-widget_type=\"gva-icon-box-styles.default\">\n\t\t\t\t<div class=\"elementor-widget-container\">\n\t\t\t<div class=\"gva-element-gva-icon-box-styles gva-element\">\r\n   \r\n\r\n         <div class=\"widget gsc-icon-box-styles style-2\">\r\n                     <div class=\"icon-inner\">\r\n                       <a href=\"https:\/\/previewgavias.com\/wp\/codesk\/?page_id=7518\">\r\n                                               <span class=\"box-icon\">\r\n                        <i aria-hidden=\"true\" class=\"fi flaticon-mechanical-arm\"><\/i>                     <\/span>\r\n                                 <\/a>            <\/div>\r\n         \r\n                     <h3 class=\"title\">\r\n                       <a href=\"https:\/\/previewgavias.com\/wp\/codesk\/?page_id=7518\">\r\n                          Estudios avanzados               <\/a>      \r\n            <\/h3>\r\n                  <div class=\"content-inner\">\r\n                           <div class=\"desc\">Analisis tecnicos y especificos para cada necesidad. Nuestros clientes tienen la posibilidad de obtener un producto 100% ajustado a sus necesidades. <\/div>\r\n                     <\/div>\r\n      <\/div> \r\n      \r\n\r\n\r\n<\/div>\t\t<\/div>\n\t\t\t\t<\/div>\n\t\t\t\t\t<\/div>\n\t\t<\/div>\n\t\t\t\t<div class=\"elementor-column elementor-col-50 elementor-inner-column elementor-element elementor-element-8bc6f59 top column-style-top\" data-id=\"8bc6f59\" data-element_type=\"column\">\n\t\t\t<div class=\"elementor-widget-wrap elementor-element-populated\">\n\t\t\t\t\t\t\t\t<div class=\"elementor-element elementor-element-5c elementor-widget elementor-widget-gva-icon-box-styles\" data-id=\"5c\" data-element_type=\"widget\" data-widget_type=\"gva-icon-box-styles.default\">\n\t\t\t\t<div class=\"elementor-widget-container\">\n\t\t\t<div class=\"gva-element-gva-icon-box-styles gva-element\">\r\n   \r\n\r\n         <div class=\"widget gsc-icon-box-styles style-2\">\r\n                     <div class=\"icon-inner\">\r\n                       <a href=\"https:\/\/previewgavias.com\/wp\/codesk\/?page_id=7518\">\r\n                                               <span class=\"box-icon\">\r\n                        <i aria-hidden=\"true\" class=\"fi flaticon-factory\"><\/i>                     <\/span>\r\n                                 <\/a>            <\/div>\r\n         \r\n                     <h3 class=\"title\">\r\n                       <a href=\"https:\/\/previewgavias.com\/wp\/codesk\/?page_id=7518\">\r\n                          Industria               <\/a>      \r\n            <\/h3>\r\n                  <div class=\"content-inner\">\r\n                           <div class=\"desc\">Contamos con equipos y personal profesional capaces de fabricar piezas o equipos ajustados a las necesidades de cada cliente.<\/div>\r\n                     <\/div>\r\n      <\/div> \r\n      \r\n\r\n\r\n<\/div>\t\t<\/div>\n\t\t\t\t<\/div>\n\t\t\t\t\t<\/div>\n\t\t<\/div>\n\t\t\t\t\t\t\t<\/div>\n\t\t<\/section>\n\t\t\t\t<section class=\"elementor-section elementor-inner-section elementor-element elementor-element-5ed3b94 elementor-section-boxed elementor-section-height-default elementor-section-height-default\" data-id=\"5ed3b94\" data-element_type=\"section\">\n\t\t\t\t\t\t<div class=\"elementor-container elementor-column-gap-default\">\n\t\t\t\t\t<div class=\"elementor-column elementor-col-50 elementor-inner-column elementor-element elementor-element-1c2425b top column-style-top\" data-id=\"1c2425b\" data-element_type=\"column\">\n\t\t\t<div class=\"elementor-widget-wrap elementor-element-populated\">\n\t\t\t\t\t\t\t\t<div class=\"elementor-element elementor-element-143a elementor-widget elementor-widget-gva-icon-box-styles\" data-id=\"143a\" data-element_type=\"widget\" data-widget_type=\"gva-icon-box-styles.default\">\n\t\t\t\t<div class=\"elementor-widget-container\">\n\t\t\t<div class=\"gva-element-gva-icon-box-styles gva-element\">\r\n   \r\n\r\n         <div class=\"widget gsc-icon-box-styles style-2\">\r\n                     <div class=\"icon-inner\">\r\n                       <a href=\"https:\/\/previewgavias.com\/wp\/codesk\/?page_id=7518\">\r\n                                               <span class=\"box-icon\">\r\n                        <i aria-hidden=\"true\" class=\"fas fa-archway\"><\/i>                     <\/span>\r\n                                 <\/a>            <\/div>\r\n         \r\n                     <h3 class=\"title\">\r\n                       <a href=\"https:\/\/previewgavias.com\/wp\/codesk\/?page_id=7518\">\r\n                          Herrajes R\u00fasticos               <\/a>      \r\n            <\/h3>\r\n                  <div class=\"content-inner\">\r\n                           <div class=\"desc\">Contamos con un amplio catalogo de partes y piezas de herrajes para darle un acabado rustico colonial a sus proyectos.<\/div>\r\n                     <\/div>\r\n      <\/div> \r\n      \r\n\r\n\r\n<\/div>\t\t<\/div>\n\t\t\t\t<\/div>\n\t\t\t\t\t<\/div>\n\t\t<\/div>\n\t\t\t\t<div class=\"elementor-column elementor-col-50 elementor-inner-column elementor-element elementor-element-95a26ba top column-style-top\" data-id=\"95a26ba\" data-element_type=\"column\">\n\t\t\t<div class=\"elementor-widget-wrap elementor-element-populated\">\n\t\t\t\t\t\t\t\t<div class=\"elementor-element elementor-element-ce1 elementor-widget elementor-widget-gva-icon-box-styles\" data-id=\"ce1\" data-element_type=\"widget\" data-widget_type=\"gva-icon-box-styles.default\">\n\t\t\t\t<div class=\"elementor-widget-container\">\n\t\t\t<div class=\"gva-element-gva-icon-box-styles gva-element\">\r\n   \r\n\r\n         <div class=\"widget gsc-icon-box-styles style-2\">\r\n                     <div class=\"icon-inner\">\r\n                       <a href=\"https:\/\/previewgavias.com\/wp\/codesk\/?page_id=7518\">\r\n                                               <span class=\"box-icon\">\r\n                        <i aria-hidden=\"true\" class=\"fi flaticon-manufacture\"><\/i>                     <\/span>\r\n                                 <\/a>            <\/div>\r\n         \r\n                     <h3 class=\"title\">\r\n                       <a href=\"https:\/\/previewgavias.com\/wp\/codesk\/?page_id=7518\">\r\n                          Equipos Mineros               <\/a>      \r\n            <\/h3>\r\n                  <div class=\"content-inner\">\r\n                           <div class=\"desc\">Contruimos una amplia variedad de equipos mineros, camaroneros, agr\u00edcolas o cualquier otro tipo de empresa que desee optimizar sus procesos<\/div>\r\n                     <\/div>\r\n      <\/div> \r\n      \r\n\r\n\r\n<\/div>\t\t<\/div>\n\t\t\t\t<\/div>\n\t\t\t\t\t<\/div>\n\t\t<\/div>\n\t\t\t\t\t\t\t<\/div>\n\t\t<\/section>\n\t\t\t\t\t<\/div>\n\t\t<\/div>\n\t\t\t\t\t\t\t<\/div>\n\t\t<\/section>\n\t\t\t\t<section class=\"elementor-section elementor-top-section elementor-element elementor-element-54bad4b3 elementor-section-boxed elementor-section-height-default elementor-section-height-default\" data-id=\"54bad4b3\" data-element_type=\"section\" data-settings=\"{&quot;background_background&quot;:&quot;classic&quot;}\">\n\t\t\t\t\t\t<div class=\"elementor-container elementor-column-gap-default\">\n\t\t\t\t\t<div class=\"elementor-column elementor-col-100 elementor-top-column elementor-element elementor-element-40de9df5 top column-style-top\" data-id=\"40de9df5\" data-element_type=\"column\">\n\t\t\t<div class=\"elementor-widget-wrap elementor-element-populated\">\n\t\t\t\t\t\t\t\t<div class=\"elementor-element elementor-element-586abc7f elementor-widget elementor-widget-gva-heading-block\" data-id=\"586abc7f\" data-element_type=\"widget\" data-widget_type=\"gva-heading-block.default\">\n\t\t\t\t<div class=\"elementor-widget-container\">\n\t\t\t<div class=\"gva-element-gva-heading-block gva-element\">   <div class=\"align-center style-1 widget gsc-heading box-align-left\">\r\n      <div class=\"content-inner\">\r\n         \r\n                  \r\n           \r\n         \r\n                     <h2 class=\"title\">\r\n               <span>L\u00edderes en la fabricaci\u00f3n de equipos y todo tipo de trabajos industriales<\/span>\r\n            <\/h2>\r\n                  \r\n         \r\n      <\/div>\r\n   <\/div>\r\n   <div class=\"clearfix\"><\/div>\r\n<\/div>\t\t<\/div>\n\t\t\t\t<\/div>\n\t\t\t\t\t<\/div>\n\t\t<\/div>\n\t\t\t\t\t\t\t<\/div>\n\t\t<\/section>\n\t\t\t\t<section class=\"elementor-section elementor-top-section elementor-element elementor-element-1c4e elementor-section-boxed elementor-section-height-default elementor-section-height-default\" data-id=\"1c4e\" data-element_type=\"section\" data-settings=\"{&quot;background_background&quot;:&quot;classic&quot;}\">\n\t\t\t\t\t\t<div class=\"elementor-container elementor-column-gap-default\">\n\t\t\t\t\t<div class=\"elementor-column elementor-col-50 elementor-top-column elementor-element elementor-element-6202 bg-overlay-3 top column-style-top\" data-id=\"6202\" data-element_type=\"column\">\n\t\t\t<div class=\"elementor-widget-wrap elementor-element-populated\">\n\t\t\t\t\t\t\t\t<div class=\"elementor-element elementor-element-b5ca91c elementor-widget-tablet__width-auto elementor-widget elementor-widget-gva-video-box\" data-id=\"b5ca91c\" data-element_type=\"widget\" data-widget_type=\"gva-video-box.default\">\n\t\t\t\t<div class=\"elementor-widget-container\">\n\t\t\t<div class=\"gva-element-gva-video-box gva-element\">\r\n\r\n \r\n  <div class=\"widget gsc-video-box clearfix style-2\">\r\n      <div class=\"video-inner\">\r\n                     <div class=\"video-image\">\r\n               <a href=\"#\" class=\"popup-video\">\r\n                  <img decoding=\"async\" src=\"https:\/\/talleresjg.com\/wp-content\/uploads\/2021\/10\/fachada.jpg\" alt=\"\"\/>\r\n               <\/a>   \r\n            <\/div>\r\n            \r\n\r\n         <div class=\"video-action\">\r\n                           <a href=\"#\" class=\"popup-video\"><span><i class=\"fa fa-play\"><\/i><\/span><\/a>\r\n              \r\n         <\/div>    \r\n      <\/div>\r\n   <\/div> \r\n<\/div>\t\t<\/div>\n\t\t\t\t<\/div>\n\t\t\t\t\t<\/div>\n\t\t<\/div>\n\t\t\t\t<div class=\"elementor-column elementor-col-50 elementor-top-column elementor-element elementor-element-7e3d59c2 top column-style-top\" data-id=\"7e3d59c2\" data-element_type=\"column\">\n\t\t\t<div class=\"elementor-widget-wrap elementor-element-populated\">\n\t\t\t\t\t\t\t\t<div class=\"elementor-element elementor-element-5dfdd4a5 elementor-widget elementor-widget-gva-heading-block\" data-id=\"5dfdd4a5\" data-element_type=\"widget\" data-widget_type=\"gva-heading-block.default\">\n\t\t\t\t<div class=\"elementor-widget-container\">\n\t\t\t<div class=\"gva-element-gva-heading-block gva-element\">   <div class=\"align-left style-1 widget gsc-heading box-align-left\">\r\n      <div class=\"content-inner\">\r\n         \r\n                  \r\n           \r\n         \r\n                     <h2 class=\"title\">\r\n               <span>Comprometidos con servir a nuestros clientes<\/span>\r\n            <\/h2>\r\n                  \r\n         \r\n      <\/div>\r\n   <\/div>\r\n   <div class=\"clearfix\"><\/div>\r\n<\/div>\t\t<\/div>\n\t\t\t\t<\/div>\n\t\t\t\t<div class=\"elementor-element elementor-element-18a158a4 elementor-widget elementor-widget-gva-tabs-content\" data-id=\"18a158a4\" data-element_type=\"widget\" data-widget_type=\"gva-tabs-content.default\">\n\t\t\t\t<div class=\"elementor-widget-container\">\n\t\t\t\t\t<div class=\"gsc-tabs-content\" role=\"tablist\">\n\t\t\t<div class=\"tabs_wrapper\">\n\t\t\t\t\n\t\t\t\t<ul class=\"nav nav_tabs clearfix\">\n\t\t\t\t\t\t\t\t\t\t\t<li class=\"elementor-repeater-item-da4b22c\">\n\t\t\t\t\t\t\t<a class=\"active show\" data-toggle=\"tab\" href=\"#t65o-0\">\n\t\t\t\t\t\t\t\t<span>Misi\u00f3n<\/span>\n\t\t\t\t\t\t\t<\/a>\n\t\t\t\t\t\t<\/li>\n\t\t\t\t\t\t\t\t\t\t\t<li class=\"elementor-repeater-item-2966897\">\n\t\t\t\t\t\t\t<a class=\"\" data-toggle=\"tab\" href=\"#t65o-1\">\n\t\t\t\t\t\t\t\t<span>Vision<\/span>\n\t\t\t\t\t\t\t<\/a>\n\t\t\t\t\t\t<\/li>\n\t\t\t\t\t\t\t\t\t\t\t<li class=\"elementor-repeater-item-b75ad68\">\n\t\t\t\t\t\t\t<a class=\"\" data-toggle=\"tab\" href=\"#t65o-2\">\n\t\t\t\t\t\t\t\t<span>Beneficios<\/span>\n\t\t\t\t\t\t\t<\/a>\n\t\t\t\t\t\t<\/li>\n\t\t\t\t\t\t\t\t\t<\/ul>\n\t\t\t\t\n\n\t\t\t\t<div class=\"tab-content clearfix\">\n\t\t\t\t\t\t\t\t\t\t\t<div class=\"tab-pane fade in active show\" role=\"tabpanel\" id=\"t65o-0\">\n\t\t\t\t\t\t\t\t\t\t\t\t\t\t<div class=\"tab-content-item no_image\">\n\t\t\t\t\t\t\t\t<p>Brindar un servicio completo en la construccion de casas o urbanizaciones rusticas. Accesorios en metal y dem\u00e1s partes requeridas.<\/p><p>Cubriendo todas las regiones del Ecuador.<\/p>\t\t\t\t\t\t\t<\/div>\n\t\t\t\t\t\t<\/div>\n\t\t\t\t\t\n\t\t\t\t\t\t\t\t\t\t\t<div class=\"tab-pane fade in \" role=\"tabpanel\" id=\"t65o-1\">\n\t\t\t\t\t\t\t\t\t\t\t\t\t\t<div class=\"tab-content-item no_image\">\n\t\t\t\t\t\t\t\t<p>Ser reconocidos como los principales proveedores de herrajes rusticos. Tambien lograr una industrializaci\u00f3n en varios campos. Con equipos de alto desempe\u00f1o.<\/p>\t\t\t\t\t\t\t<\/div>\n\t\t\t\t\t\t<\/div>\n\t\t\t\t\t\n\t\t\t\t\t\t\t\t\t\t\t<div class=\"tab-pane fade in \" role=\"tabpanel\" id=\"t65o-2\">\n\t\t\t\t\t\t\t\t\t\t\t\t\t\t<div class=\"tab-content-item no_image\">\n\t\t\t\t\t\t\t\t<p>Integrar los acabados rusticos dentro de las nuevas tendencias aquitectonicas. Aprovechando materiales y tecnologia de hoy que nos permita crear ambientes comodos que disfrutar.<\/p>\t\t\t\t\t\t\t<\/div>\n\t\t\t\t\t\t<\/div>\n\t\t\t\t\t\n\t\t\t\t\t\t\t\t\t<\/div>\n\t\t\t<\/div>\t\n\t\t<\/div>\n\n\t\t\t\t<\/div>\n\t\t\t\t<\/div>\n\t\t\t\t<section class=\"elementor-section elementor-inner-section elementor-element elementor-element-3a03bdee elementor-section-boxed elementor-section-height-default elementor-section-height-default\" data-id=\"3a03bdee\" data-element_type=\"section\">\n\t\t\t\t\t\t<div class=\"elementor-container elementor-column-gap-default\">\n\t\t\t\t\t<div class=\"elementor-column elementor-col-50 elementor-inner-column elementor-element elementor-element-44674a01 top column-style-top\" data-id=\"44674a01\" data-element_type=\"column\">\n\t\t\t<div class=\"elementor-widget-wrap elementor-element-populated\">\n\t\t\t\t\t\t\t\t<div class=\"elementor-element elementor-element-416fb07d elementor-widget elementor-widget-gva-counter\" data-id=\"416fb07d\" data-element_type=\"widget\" data-widget_type=\"gva-counter.default\">\n\t\t\t\t<div class=\"elementor-widget-container\">\n\t\t\t<div class=\"gva-element-gva-counter gva-element\">\r\n         <div class=\"widget milestone-block style-2\">\r\n         <div class=\"box-content\">\r\n            \r\n            <div class=\"milestone-content\">\r\n               <div class=\"milestone-number-inner\">\r\n                                    <span class=\"milestone-number\">174003<\/span>\r\n                                 <\/div>\r\n                                 <div class=\"milestone-text\">\r\n                      Herrajes fabricados                  <\/div>\r\n                           <\/div>\r\n         <\/div>   \r\n      <\/div> \r\n   \r\n<\/div>\t\t<\/div>\n\t\t\t\t<\/div>\n\t\t\t\t\t<\/div>\n\t\t<\/div>\n\t\t\t\t<div class=\"elementor-column elementor-col-50 elementor-inner-column elementor-element elementor-element-5633b0b0 top column-style-top\" data-id=\"5633b0b0\" data-element_type=\"column\">\n\t\t\t<div class=\"elementor-widget-wrap elementor-element-populated\">\n\t\t\t\t\t\t\t\t<div class=\"elementor-element elementor-element-72816b31 elementor-widget elementor-widget-image\" data-id=\"72816b31\" data-element_type=\"widget\" data-widget_type=\"image.default\">\n\t\t\t\t<div class=\"elementor-widget-container\">\n\t\t\t\t\t\t\t\t\t\t\t\t\t\t\t<img decoding=\"async\" width=\"139\" height=\"85\" src=\"https:\/\/talleresjg.com\/wp-content\/uploads\/2021\/10\/tjgicon.jpg\" class=\"attachment-full size-full\" alt=\"\" loading=\"lazy\" \/>\t\t\t\t\t\t\t\t\t\t\t\t\t\t\t<\/div>\n\t\t\t\t<\/div>\n\t\t\t\t\t<\/div>\n\t\t<\/div>\n\t\t\t\t\t\t\t<\/div>\n\t\t<\/section>\n\t\t\t\t\t<\/div>\n\t\t<\/div>\n\t\t\t\t\t\t\t<\/div>\n\t\t<\/section>\n\t\t\t\t\t\t<\/div>\n\t\t\t\t\t<\/div>\n\t\t","protected":false},"excerpt":{"rendered":"<p>Talleres Jaramillo Guzm\u00e1nSirviendo a todo el Ecuador Deseamos de la mejor manera formar parte de su equipo de trabajo, y tener su aceptaci\u00f3n en el momento que ustedes requieran de nuestros productos y servicios. Env\u00edos dentro de la Provincia de El Oro como a nivel Nacional. Estudios avanzados Analisis tecnicos y especificos para cada necesidad. [&hellip;]<\/p>\n","protected":false},"author":1,"featured_media":0,"parent":0,"menu_order":0,"comment_status":"closed","ping_status":"closed","template":"elementor_theme","meta":[],"_links":{"self":[{"href":"https:\/\/talleresjg.com\/index.php?rest_route=\/wp\/v2\/pages\/5442"}],"collection":[{"href":"https:\/\/talleresjg.com\/index.php?rest_route=\/wp\/v2\/pages"}],"about":[{"href":"https:\/\/talleresjg.com\/index.php?rest_route=\/wp\/v2\/types\/page"}],"author":[{"embeddable":true,"href":"https:\/\/talleresjg.com\/index.php?rest_route=\/wp\/v2\/users\/1"}],"replies":[{"embeddable":true,"href":"https:\/\/talleresjg.com\/index.php?rest_route=%2Fwp%2Fv2%2Fcomments&post=5442"}],"version-history":[{"count":38,"href":"https:\/\/talleresjg.com\/index.php?rest_route=\/wp\/v2\/pages\/5442\/revisions"}],"predecessor-version":[{"id":10908,"href":"https:\/\/talleresjg.com\/index.php?rest_route=\/wp\/v2\/pages\/5442\/revisions\/10908"}],"wp:attachment":[{"href":"https:\/\/talleresjg.com\/index.php?rest_route=%2Fwp%2Fv2%2Fmedia&parent=5442"}],"curies":[{"name":"wp","href":"https:\/\/api.w.org\/{rel}","templated":true}]}}